{"id":2,"date":"2025-02-08T16:47:09","date_gmt":"2025-02-08T16:47:09","guid":{"rendered":"http:\/\/127.0.0.1\/?page_id=2"},"modified":"2025-02-09T07:25:47","modified_gmt":"2025-02-09T07:25:47","slug":"sample-page","status":"publish","type":"page","link":"https:\/\/blog.syndiqatet.se\/?page_id=2","title":{"rendered":"Om"},"content":{"rendered":"\n<p>\u00c4garen\/skaparen av denna blog och syndiqatet.se \u00e4r Stefan Qvickstr\u00f6m, en medel\u00e5lders man f\u00f6dd p\u00e5 70-talet som varit intresserad av trav och &#8220;gambling&#8221; sedan 2000-talets b\u00f6rjan. Faktiskt s\u00e5 n\u00e4r jag var 18 \u00e5r och spelade roulette p\u00e5 Viking Line s\u00e5 vann jag ca 8000:- och hade r\u00e5d med allt jag ville p\u00e5 den \u00c5landsresan&#8230; <\/p>\n\n\n\n<p>Om man \u00f6nskar n\u00e5 mig s\u00e5 \u00e4r det b\u00e4sta s\u00e4ttet p\u00e5 X: <\/p>\n\n\n\n<figure class=\"wp-block-embed is-type-rich is-provider-twitter wp-block-embed-twitter\"><div class=\"wp-block-embed__wrapper\">\n<a class=\"twitter-timeline\" data-width=\"1200\" data-height=\"1000\" data-dnt=\"true\" href=\"https:\/\/twitter.com\/qvickis?ref_src=twsrc%5Etfw\">Tweets by qvickis<\/a><script async src=\"https:\/\/platform.twitter.com\/widgets.js\" charset=\"utf-8\"><\/script>\n<\/div><\/figure>\n\n\n\n<p><\/p>\n","protected":false},"excerpt":{"rendered":"<p>\u00c4garen\/skaparen av denna blog och syndiqatet.se \u00e4r Stefan Qvickstr\u00f6m, en medel\u00e5lders man f\u00f6dd p\u00e5 70-talet som varit intresserad av trav och &#8220;gambling&#8221; sedan 2000-talets b\u00f6rjan. Faktiskt s\u00e5 n\u00e4r jag var 18 \u00e5r och spelade roulette p\u00e5 Viking Line s\u00e5 vann jag ca 8000:- och hade r\u00e5d med allt jag ville p\u00e5 den \u00c5landsresan&#8230; Om man &#8230; <a title=\"Om\" class=\"read-more\" href=\"https:\/\/blog.syndiqatet.se\/?page_id=2\" aria-label=\"Read more about Om\">Read more<\/a><\/p>\n","protected":false},"author":1,"featured_media":0,"parent":0,"menu_order":0,"comment_status":"closed","ping_status":"open","template":"","meta":{"footnotes":""},"class_list":["post-2","page","type-page","status-publish"],"_links":{"self":[{"href":"https:\/\/blog.syndiqatet.se\/index.php?rest_route=\/wp\/v2\/pages\/2","targetHints":{"allow":["GET"]}}],"collection":[{"href":"https:\/\/blog.syndiqatet.se\/index.php?rest_route=\/wp\/v2\/pages"}],"about":[{"href":"https:\/\/blog.syndiqatet.se\/index.php?rest_route=\/wp\/v2\/types\/page"}],"author":[{"embeddable":true,"href":"https:\/\/blog.syndiqatet.se\/index.php?rest_route=\/wp\/v2\/users\/1"}],"replies":[{"embeddable":true,"href":"https:\/\/blog.syndiqatet.se\/index.php?rest_route=%2Fwp%2Fv2%2Fcomments&post=2"}],"version-history":[{"count":1,"href":"https:\/\/blog.syndiqatet.se\/index.php?rest_route=\/wp\/v2\/pages\/2\/revisions"}],"predecessor-version":[{"id":12,"href":"https:\/\/blog.syndiqatet.se\/index.php?rest_route=\/wp\/v2\/pages\/2\/revisions\/12"}],"wp:attachment":[{"href":"https:\/\/blog.syndiqatet.se\/index.php?rest_route=%2Fwp%2Fv2%2Fmedia&parent=2"}],"curies":[{"name":"wp","href":"https:\/\/api.w.org\/{rel}","templated":true}]}}